{"id":121,"date":"2022-01-26T10:31:06","date_gmt":"2022-01-26T09:31:06","guid":{"rendered":"https:\/\/www.wadersrepair.com\/it\/?page_id=121"},"modified":"2022-02-07T09:14:13","modified_gmt":"2022-02-07T08:14:13","slug":"riparazione-di-stivali-per-la-pesca-a-mosca-waders","status":"publish","type":"page","link":"https:\/\/www.wadersrepair.com\/it\/riparazione-di-stivali-per-la-pesca-a-mosca-waders\/","title":{"rendered":"Riparazione di stivali per la pesca a mosca (waders)"},"content":{"rendered":"<p>Mi occupo della pesca a mosca da molti anni, durante i quali ho incontrato molti pescatori provenienti da tutta la Slovenia e dall&#8217;estero. Con alcuni siamo diventati anche ottimi amici, condividendo storie di pesca a mosca e nuove esperienze.<\/p>\n<p>Negli ultimi anni, ho notato che c&#8217;\u00e8 un problema ricorrente tra noi pescatori. Gli stivali da pesca iniziano, dopo un certo periodo di tempo o piuttosto dopo un certo tipo di pesca, a perdere acqua. Questo difetto risulta essere comune a tutti i produttori di stivali, l&#8217;unica differenza \u00e8 che in alcuni si presenta prima che in altri.<\/p>\n<p>Se osserviamo le attrezzature per la pesca a mosca, nel corso della nostra carriera possiamo definire alcuni prodotti come &#8216;materiale da consumo&#8217;. Tra questi intendo: mosche, fili, cordoncini e purtroppo anche gli stivali, che sono estremamente costosi per del &#8216;materiale da consumo&#8217;.<\/p>\n<p>Tre anni fa, io e il mio amico Bla\u017e abbiamo iniziato a parlare molto di questo problema e a cercare delle soluzioni. Dopo aver testato molte teorie siamo giunti alla conclusione che il problema principale sono le cuciture e, negli stivali pi\u00f9 vecchi, la porosit\u00e0 del materiale (la condizione in cui l&#8217;acqua passa attraverso gran parte del tessuto negli stivali). Abbiamo notato anche, in minor misura, difetti causati da danni meccanici che sono tuttavia meno difficili da riparare.<\/p>\n<p>Il problema principale sono le cuciture e il &#8216;carico&#8217; che sopportano o l&#8217;allentamento al quale sono soggette ogni volta le si calzi.<\/p>\n<p>Abbiamo trovato una soluzione che prolunga la vita degli stivali per diverse stagioni, o almeno fino a quando il materiale non diventa poroso: ripristinare e ricucire tutti i punti all&#8217;interno degli stivali.<\/p>\n<h2>PROCEDIMENTO<\/h2>\n<p>Con gli stivali che perdono acqua, \u00e8 necessario determinare le loro condizioni. In questo procedimento giriamo gli stivali e versiamo dell&#8217;acqua all&#8217;interno fino all\u2019altezza del ginocchio. Marchiamo e fotografiamo tutti i difetti. Poi solleviamo la gamba e gli esaminiamo dal ginocchio all&#8217;anca, marchiando e fotografando ulteriori difetti presenti in questa parte. Lo stesso procedimento viene ripetuto con l\u2019altra gamba.<br \/>\nInformiamo dunque il proprietario dei risultati e concordiamo l&#8217;ulteriore procedura e i costi dalla riparazione.<\/p>\n<p>Infine, asciughiamo gli stivali. Se il cliente non decide di ripararli, questi vengono restituiti, altrimenti vanno in riparazione.<\/p>\n<p>Il processo di ristrutturazione e riparazione richiede diversi giorni e potrebbero essere necessari ulteriori test intermedi, che potrebbero prolungare ulteriormente i tempi di riparazione.<\/p>\n<p>Per tutta la durata della riparazione possiamo fornire degli stivali di ricambio.<\/p>\n<p>Abbiamo inoltre scoperto che per gli stivali il cui valore \u00e8 pari o superiore a 150 euro, la &#8216;fattura economica\u2019\u2019 per il rinnovo generale risulta conveniente se viene prolungata loro la vita per almeno un anno. I risultati ottenuti fino ad ora hanno dimostrato che abbiamo esteso la durata della vita di due anni o pi\u00f9 e la loro funzionalit\u00e0 fino all&#8217;usura del materiale o finch\u00e9 il tessuto non \u00e8 diventato poroso.<\/p>\n<p>Queste scoperte possono anche essere dimostrate con i miei stivali che utilizzo da ben sei anni. Quattro anni fa ho riparato i primi difetti per la prima volta, mentre due anni fa li ho ricostruiti in generale.<\/p>\n<div id='gallery-1' class='gallery galleryid-121 gallery-columns-2 gallery-size-medium'><figure class='gallery-item'>\n\t\t\t<div class='gallery-icon landscape'>\n\t\t\t\t<img loading=\"lazy\" decoding=\"async\" width=\"300\" height=\"268\" src=\"https:\/\/www.wadersrepair.com\/it\/wp-content\/uploads\/sites\/4\/2022\/01\/testiranje_skornjev-300x268.jpeg\" class=\"attachment-medium size-medium\" alt=\"\" aria-describedby=\"gallery-1-129\" srcset=\"https:\/\/www.wadersrepair.com\/it\/wp-content\/uploads\/sites\/4\/2022\/01\/testiranje_skornjev-300x268.jpeg 300w, https:\/\/www.wadersrepair.com\/it\/wp-content\/uploads\/sites\/4\/2022\/01\/testiranje_skornjev.jpeg 490w\" sizes=\"auto, (max-width: 300px) 100vw, 300px\" \/>\n\t\t\t<\/div>\n\t\t\t\t<figcaption class='wp-caption-text gallery-caption' id='gallery-1-129'>\n\t\t\t\tDifetto di cucitura sugli stivali per pesca a mosca\n\t\t\t\t<\/figcaption><\/figure><figure class='gallery-item'>\n\t\t\t<div class='gallery-icon landscape'>\n\t\t\t\t<img loading=\"lazy\" decoding=\"async\" width=\"300\" height=\"267\" src=\"https:\/\/www.wadersrepair.com\/it\/wp-content\/uploads\/sites\/4\/2022\/01\/popravljeni-2-e1550003925158-300x267.jpeg\" class=\"attachment-medium size-medium\" alt=\"\" aria-describedby=\"gallery-1-131\" srcset=\"https:\/\/www.wadersrepair.com\/it\/wp-content\/uploads\/sites\/4\/2022\/01\/popravljeni-2-e1550003925158-300x267.jpeg 300w, https:\/\/www.wadersrepair.com\/it\/wp-content\/uploads\/sites\/4\/2022\/01\/popravljeni-2-e1550003925158.jpeg 489w\" sizes=\"auto, (max-width: 300px) 100vw, 300px\" \/>\n\t\t\t<\/div>\n\t\t\t\t<figcaption class='wp-caption-text gallery-caption' id='gallery-1-131'>\n\t\t\t\tCuciture riparate\n\t\t\t\t<\/figcaption><\/figure>\n\t\t<\/div>\n\n<div id='gallery-2' class='gallery galleryid-121 gallery-columns-2 gallery-size-medium'><figure class='gallery-item'>\n\t\t\t<div class='gallery-icon landscape'>\n\t\t\t\t<img loading=\"lazy\" decoding=\"async\" width=\"300\" height=\"225\" src=\"https:\/\/www.wadersrepair.com\/it\/wp-content\/uploads\/sites\/4\/2022\/01\/raztrganina-3-300x225.jpeg\" class=\"attachment-medium size-medium\" alt=\"\" aria-describedby=\"gallery-2-132\" srcset=\"https:\/\/www.wadersrepair.com\/it\/wp-content\/uploads\/sites\/4\/2022\/01\/raztrganina-3-300x225.jpeg 300w, https:\/\/www.wadersrepair.com\/it\/wp-content\/uploads\/sites\/4\/2022\/01\/raztrganina-3.jpeg 490w\" sizes=\"auto, (max-width: 300px) 100vw, 300px\" \/>\n\t\t\t<\/div>\n\t\t\t\t<figcaption class='wp-caption-text gallery-caption' id='gallery-2-132'>\n\t\t\t\tLacerazione lunga circa 18 cm\n\t\t\t\t<\/figcaption><\/figure><figure class='gallery-item'>\n\t\t\t<div class='gallery-icon landscape'>\n\t\t\t\t<img loading=\"lazy\" decoding=\"async\" width=\"300\" height=\"225\" src=\"https:\/\/www.wadersrepair.com\/it\/wp-content\/uploads\/sites\/4\/2022\/01\/popravljena-raztrganina-4-300x225.jpeg\" class=\"attachment-medium size-medium\" alt=\"\" aria-describedby=\"gallery-2-130\" srcset=\"https:\/\/www.wadersrepair.com\/it\/wp-content\/uploads\/sites\/4\/2022\/01\/popravljena-raztrganina-4-300x225.jpeg 300w, https:\/\/www.wadersrepair.com\/it\/wp-content\/uploads\/sites\/4\/2022\/01\/popravljena-raztrganina-4.jpeg 490w\" sizes=\"auto, (max-width: 300px) 100vw, 300px\" \/>\n\t\t\t<\/div>\n\t\t\t\t<figcaption class='wp-caption-text gallery-caption' id='gallery-2-130'>\n\t\t\t\tLacerazione riparata\n\t\t\t\t<\/figcaption><\/figure>\n\t\t<\/div>\n\n","protected":false},"excerpt":{"rendered":"<p>Mi occupo della pesca a mosca da molti anni, durante i quali ho incontrato molti pescatori provenienti da tutta la Slovenia e dall&#8217;estero. Con alcuni siamo diventati anche ottimi amici, &#8230;<\/p>\n","protected":false},"author":3,"featured_media":0,"parent":0,"menu_order":0,"comment_status":"closed","ping_status":"closed","template":"template-fullwidth.php","meta":{"ngg_post_thumbnail":0,"footnotes":""},"class_list":["post-121","page","type-page","status-publish","hentry"],"_links":{"self":[{"href":"https:\/\/www.wadersrepair.com\/it\/wp-json\/wp\/v2\/pages\/121","targetHints":{"allow":["GET"]}}],"collection":[{"href":"https:\/\/www.wadersrepair.com\/it\/wp-json\/wp\/v2\/pages"}],"about":[{"href":"https:\/\/www.wadersrepair.com\/it\/wp-json\/wp\/v2\/types\/page"}],"author":[{"embeddable":true,"href":"https:\/\/www.wadersrepair.com\/it\/wp-json\/wp\/v2\/users\/3"}],"replies":[{"embeddable":true,"href":"https:\/\/www.wadersrepair.com\/it\/wp-json\/wp\/v2\/comments?post=121"}],"version-history":[{"count":14,"href":"https:\/\/www.wadersrepair.com\/it\/wp-json\/wp\/v2\/pages\/121\/revisions"}],"predecessor-version":[{"id":188,"href":"https:\/\/www.wadersrepair.com\/it\/wp-json\/wp\/v2\/pages\/121\/revisions\/188"}],"wp:attachment":[{"href":"https:\/\/www.wadersrepair.com\/it\/wp-json\/wp\/v2\/media?parent=121"}],"curies":[{"name":"wp","href":"https:\/\/api.w.org\/{rel}","templated":true}]}}